{"id":2491,"date":"2025-02-20T08:31:47","date_gmt":"2025-02-20T13:31:47","guid":{"rendered":"https:\/\/shibanpharma.com\/?post_type=product&#038;p=2491"},"modified":"2025-09-17T14:38:58","modified_gmt":"2025-09-17T18:38:58","slug":"shibaniclean","status":"publish","type":"product","link":"https:\/\/shibanpharma.com\/en\/produit\/shibaniclean\/","title":{"rendered":"SHIBANICLEAN 100 g"},"content":{"rendered":"<p>Cr\u00e8me \u00e0 base d'extrait de produit naturel pour enlever les points noirs et les t\u00e2ches sur le corps<\/p>\n<p>&nbsp;<\/p>\n","protected":false},"excerpt":{"rendered":"<p>Cr\u00e8me \u00e0 base de produits naturels comme: \u00a0Shiban extrait de \u00a0lupins et extrait de Gatuline spot light.<\/p>\n<p>&nbsp;<\/p>\n","protected":false},"featured_media":2489,"template":"","meta":[],"product_brand":[],"product_cat":[32],"product_tag":[45,54,53,52],"class_list":{"0":"post-2491","1":"product","2":"type-product","3":"status-publish","4":"has-post-thumbnail","6":"product_cat-creme","7":"product_tag-new","8":"product_tag-promo","9":"product_tag-promo-10","10":"product_tag-promo-50","12":"first","13":"instock","14":"taxable","15":"shipping-taxable","16":"purchasable","17":"product-type-simple"},"yoast_head":"<!-- This site is optimized with the Yoast SEO Premium plugin v26.8 (Yoast SEO v26.9) - https:\/\/yoast.com\/product\/yoast-seo-premium-wordpress\/ -->\n<title>SHIBANICLEAN 100 g - Shiban Pharma<\/title>\n<meta name=\"description\" content=\"SHIBANICLEAN cr\u00e8me pour enlever les taches et les points noirs\" \/>\n<meta name=\"robots\" content=\"index, follow, max-snippet:-1, max-image-preview:large, max-video-preview:-1\" \/>\n<link rel=\"canonical\" href=\"https:\/\/shibanpharma.com\/en\/produit\/shibaniclean\/\" \/>\n<meta property=\"og:locale\" content=\"en_US\" \/>\n<meta property=\"og:type\" content=\"article\" \/>\n<meta property=\"og:title\" content=\"SHIBANICLEAN 100 g\" \/>\n<meta property=\"og:description\" content=\"SHIBANICLEAN cr\u00e8me pour enlever les taches et les points noirs\" \/>\n<meta property=\"og:url\" content=\"https:\/\/shibanpharma.com\/en\/produit\/shibaniclean\/\" \/>\n<meta property=\"og:site_name\" content=\"Shiban Pharma\" \/>\n<meta property=\"article:publisher\" content=\"https:\/\/www.facebook.com\/shibanpharma?mibextid=LQQJ4d\" \/>\n<meta property=\"article:modified_time\" content=\"2025-09-17T18:38:58+00:00\" \/>\n<meta property=\"og:image\" content=\"https:\/\/shibanpharma.com\/wp-content\/uploads\/2025\/02\/Shibani-Clean.jpg\" \/>\n\t<meta property=\"og:image:width\" content=\"1345\" \/>\n\t<meta property=\"og:image:height\" content=\"1345\" \/>\n\t<meta property=\"og:image:type\" content=\"image\/jpeg\" \/>\n<meta name=\"twitter:card\" content=\"summary_large_image\" \/>\n<meta name=\"twitter:site\" content=\"@shibanpharma\" \/>\n<meta name=\"twitter:label1\" content=\"Price\" \/>\n\t<meta name=\"twitter:data1\" content=\"&#036;115.00\" \/>\n\t<meta name=\"twitter:label2\" content=\"Availability\" \/>\n\t<meta name=\"twitter:data2\" content=\"In stock\" \/>\n<script type=\"application\/ld+json\" class=\"yoast-schema-graph\">{\"@context\":\"https:\/\/schema.org\",\"@graph\":[{\"@type\":\"WebPage\",\"@id\":\"https:\/\/shibanpharma.com\/en\/produit\/shibaniclean\/\",\"url\":\"https:\/\/shibanpharma.com\/en\/produit\/shibaniclean\/\",\"name\":\"SHIBANICLEAN 100 g - Shiban Pharma\",\"isPartOf\":{\"@id\":\"https:\/\/shibanpharma.com\/en\/#website\"},\"primaryImageOfPage\":{\"@id\":\"https:\/\/shibanpharma.com\/en\/produit\/shibaniclean\/#primaryimage\"},\"image\":{\"@id\":\"https:\/\/shibanpharma.com\/en\/produit\/shibaniclean\/#primaryimage\"},\"thumbnailUrl\":\"https:\/\/shibanpharma.com\/wp-content\/uploads\/2025\/02\/Shibani-Clean.jpg\",\"datePublished\":\"2025-02-20T13:31:47+00:00\",\"dateModified\":\"2025-09-17T18:38:58+00:00\",\"description\":\"SHIBANICLEAN cr\u00e8me pour enlever les taches et les points noirs\",\"breadcrumb\":{\"@id\":\"https:\/\/shibanpharma.com\/en\/produit\/shibaniclean\/#breadcrumb\"},\"inLanguage\":\"en-US\",\"potentialAction\":[{\"@type\":\"ReadAction\",\"target\":[\"https:\/\/shibanpharma.com\/en\/produit\/shibaniclean\/\"]}]},{\"@type\":\"ImageObject\",\"inLanguage\":\"en-US\",\"@id\":\"https:\/\/shibanpharma.com\/en\/produit\/shibaniclean\/#primaryimage\",\"url\":\"https:\/\/shibanpharma.com\/wp-content\/uploads\/2025\/02\/Shibani-Clean.jpg\",\"contentUrl\":\"https:\/\/shibanpharma.com\/wp-content\/uploads\/2025\/02\/Shibani-Clean.jpg\",\"width\":1345,\"height\":1345},{\"@type\":\"BreadcrumbList\",\"@id\":\"https:\/\/shibanpharma.com\/en\/produit\/shibaniclean\/#breadcrumb\",\"itemListElement\":[{\"@type\":\"ListItem\",\"position\":1,\"name\":\"Home\",\"item\":\"https:\/\/shibanpharma.com\/en\/\"},{\"@type\":\"ListItem\",\"position\":2,\"name\":\"Shop\",\"item\":\"https:\/\/shibanpharma.com\/en\/shop\/\"},{\"@type\":\"ListItem\",\"position\":3,\"name\":\"SHIBANICLEAN 100 g\"}]},{\"@type\":\"WebSite\",\"@id\":\"https:\/\/shibanpharma.com\/en\/#website\",\"url\":\"https:\/\/shibanpharma.com\/en\/\",\"name\":\"Shiban Pharma\",\"description\":\"\",\"publisher\":{\"@id\":\"https:\/\/shibanpharma.com\/en\/#organization\"},\"potentialAction\":[{\"@type\":\"SearchAction\",\"target\":{\"@type\":\"EntryPoint\",\"urlTemplate\":\"https:\/\/shibanpharma.com\/en\/?s={search_term_string}\"},\"query-input\":{\"@type\":\"PropertyValueSpecification\",\"valueRequired\":true,\"valueName\":\"search_term_string\"}}],\"inLanguage\":\"en-US\"},{\"@type\":\"Organization\",\"@id\":\"https:\/\/shibanpharma.com\/en\/#organization\",\"name\":\"Shiban Pharma\",\"url\":\"https:\/\/shibanpharma.com\/en\/\",\"logo\":{\"@type\":\"ImageObject\",\"inLanguage\":\"en-US\",\"@id\":\"https:\/\/shibanpharma.com\/en\/#\/schema\/logo\/image\/\",\"url\":\"https:\/\/shibanpharma.com\/wp-content\/uploads\/2024\/04\/Logo-SHIBAN-final-fond-blanc.jpg\",\"contentUrl\":\"https:\/\/shibanpharma.com\/wp-content\/uploads\/2024\/04\/Logo-SHIBAN-final-fond-blanc.jpg\",\"width\":1378,\"height\":1020,\"caption\":\"Shiban Pharma\"},\"image\":{\"@id\":\"https:\/\/shibanpharma.com\/en\/#\/schema\/logo\/image\/\"},\"sameAs\":[\"https:\/\/www.facebook.com\/shibanpharma?mibextid=LQQJ4d\",\"https:\/\/x.com\/shibanpharma\",\"https:\/\/instagram.com\/shibanpharma\",\"https:\/\/youtube.com\/@shibanpharma4473\"]}]}<\/script>\n<meta property=\"product:brand\" content=\"Cr\u00e8mes\" \/>\n<meta property=\"product:price:amount\" content=\"115.00\" \/>\n<meta property=\"product:price:currency\" content=\"CAD\" \/>\n<meta property=\"og:availability\" content=\"instock\" \/>\n<meta property=\"product:availability\" content=\"instock\" \/>\n<meta property=\"product:condition\" content=\"new\" \/>\n<!-- \/ Yoast SEO Premium plugin. -->","yoast_head_json":{"title":"SHIBANICLEAN 100 g - Shiban Pharma","description":"SHIBANICLEAN cr\u00e8me pour enlever les taches et les points noirs","robots":{"index":"index","follow":"follow","max-snippet":"max-snippet:-1","max-image-preview":"max-image-preview:large","max-video-preview":"max-video-preview:-1"},"canonical":"https:\/\/shibanpharma.com\/en\/produit\/shibaniclean\/","og_locale":"en_US","og_type":"article","og_title":"SHIBANICLEAN 100 g","og_description":"SHIBANICLEAN cr\u00e8me pour enlever les taches et les points noirs","og_url":"https:\/\/shibanpharma.com\/en\/produit\/shibaniclean\/","og_site_name":"Shiban Pharma","article_publisher":"https:\/\/www.facebook.com\/shibanpharma?mibextid=LQQJ4d","article_modified_time":"2025-09-17T18:38:58+00:00","og_image":[{"width":1345,"height":1345,"url":"https:\/\/shibanpharma.com\/wp-content\/uploads\/2025\/02\/Shibani-Clean.jpg","type":"image\/jpeg"}],"twitter_card":"summary_large_image","twitter_site":"@shibanpharma","twitter_misc":{"Price":"&#36;115.00","Availability":"In stock"},"schema":{"@context":"https:\/\/schema.org","@graph":[{"@type":"WebPage","@id":"https:\/\/shibanpharma.com\/en\/produit\/shibaniclean\/","url":"https:\/\/shibanpharma.com\/en\/produit\/shibaniclean\/","name":"SHIBANICLEAN 100 g - Shiban Pharma","isPartOf":{"@id":"https:\/\/shibanpharma.com\/en\/#website"},"primaryImageOfPage":{"@id":"https:\/\/shibanpharma.com\/en\/produit\/shibaniclean\/#primaryimage"},"image":{"@id":"https:\/\/shibanpharma.com\/en\/produit\/shibaniclean\/#primaryimage"},"thumbnailUrl":"https:\/\/shibanpharma.com\/wp-content\/uploads\/2025\/02\/Shibani-Clean.jpg","datePublished":"2025-02-20T13:31:47+00:00","dateModified":"2025-09-17T18:38:58+00:00","description":"SHIBANICLEAN cr\u00e8me pour enlever les taches et les points noirs","breadcrumb":{"@id":"https:\/\/shibanpharma.com\/en\/produit\/shibaniclean\/#breadcrumb"},"inLanguage":"en-US","potentialAction":[{"@type":"ReadAction","target":["https:\/\/shibanpharma.com\/en\/produit\/shibaniclean\/"]}]},{"@type":"ImageObject","inLanguage":"en-US","@id":"https:\/\/shibanpharma.com\/en\/produit\/shibaniclean\/#primaryimage","url":"https:\/\/shibanpharma.com\/wp-content\/uploads\/2025\/02\/Shibani-Clean.jpg","contentUrl":"https:\/\/shibanpharma.com\/wp-content\/uploads\/2025\/02\/Shibani-Clean.jpg","width":1345,"height":1345},{"@type":"BreadcrumbList","@id":"https:\/\/shibanpharma.com\/en\/produit\/shibaniclean\/#breadcrumb","itemListElement":[{"@type":"ListItem","position":1,"name":"Home","item":"https:\/\/shibanpharma.com\/en\/"},{"@type":"ListItem","position":2,"name":"Shop","item":"https:\/\/shibanpharma.com\/en\/shop\/"},{"@type":"ListItem","position":3,"name":"SHIBANICLEAN 100 g"}]},{"@type":"WebSite","@id":"https:\/\/shibanpharma.com\/en\/#website","url":"https:\/\/shibanpharma.com\/en\/","name":"Shiban Pharma","description":"","publisher":{"@id":"https:\/\/shibanpharma.com\/en\/#organization"},"potentialAction":[{"@type":"SearchAction","target":{"@type":"EntryPoint","urlTemplate":"https:\/\/shibanpharma.com\/en\/?s={search_term_string}"},"query-input":{"@type":"PropertyValueSpecification","valueRequired":true,"valueName":"search_term_string"}}],"inLanguage":"en-US"},{"@type":"Organization","@id":"https:\/\/shibanpharma.com\/en\/#organization","name":"Shiban Pharma","url":"https:\/\/shibanpharma.com\/en\/","logo":{"@type":"ImageObject","inLanguage":"en-US","@id":"https:\/\/shibanpharma.com\/en\/#\/schema\/logo\/image\/","url":"https:\/\/shibanpharma.com\/wp-content\/uploads\/2024\/04\/Logo-SHIBAN-final-fond-blanc.jpg","contentUrl":"https:\/\/shibanpharma.com\/wp-content\/uploads\/2024\/04\/Logo-SHIBAN-final-fond-blanc.jpg","width":1378,"height":1020,"caption":"Shiban Pharma"},"image":{"@id":"https:\/\/shibanpharma.com\/en\/#\/schema\/logo\/image\/"},"sameAs":["https:\/\/www.facebook.com\/shibanpharma?mibextid=LQQJ4d","https:\/\/x.com\/shibanpharma","https:\/\/instagram.com\/shibanpharma","https:\/\/youtube.com\/@shibanpharma4473"]}]},"product_brand":"Cr\u00e8mes","product_price_amount":"115.00","product_price_currency":"CAD","og_availability":"instock","product_availability":"instock","product_condition":"new"},"_links":{"self":[{"href":"https:\/\/shibanpharma.com\/en\/wp-json\/wp\/v2\/product\/2491","targetHints":{"allow":["GET"]}}],"collection":[{"href":"https:\/\/shibanpharma.com\/en\/wp-json\/wp\/v2\/product"}],"about":[{"href":"https:\/\/shibanpharma.com\/en\/wp-json\/wp\/v2\/types\/product"}],"wp:featuredmedia":[{"embeddable":true,"href":"https:\/\/shibanpharma.com\/en\/wp-json\/wp\/v2\/media\/2489"}],"wp:attachment":[{"href":"https:\/\/shibanpharma.com\/en\/wp-json\/wp\/v2\/media?parent=2491"}],"wp:term":[{"taxonomy":"product_brand","embeddable":true,"href":"https:\/\/shibanpharma.com\/en\/wp-json\/wp\/v2\/product_brand?post=2491"},{"taxonomy":"product_cat","embeddable":true,"href":"https:\/\/shibanpharma.com\/en\/wp-json\/wp\/v2\/product_cat?post=2491"},{"taxonomy":"product_tag","embeddable":true,"href":"https:\/\/shibanpharma.com\/en\/wp-json\/wp\/v2\/product_tag?post=2491"}],"curies":[{"name":"wp","href":"https:\/\/api.w.org\/{rel}","templated":true}]}}