{"id":144,"date":"2023-05-12T12:02:23","date_gmt":"2023-05-12T16:02:23","guid":{"rendered":"https:\/\/shibanpharma.dev-exartum.com\/produit\/shibanican-10-et-13-180-capsules-chaque\/"},"modified":"2024-09-10T15:02:58","modified_gmt":"2024-09-10T19:02:58","slug":"shibanican-10-et-13-180-capsules-chaque","status":"publish","type":"product","link":"https:\/\/shibanpharma.com\/en\/produit\/shibanican-10-et-13-180-capsules-chaque\/","title":{"rendered":"SHIBANICAN 10 ET 13 (180 capsules chaque)"},"content":{"rendered":"<p>Shibanican 10 and 13 is a combination of two products made up of over twenty ingredients in powder or extract form, known for their anti-cancer effects. The formulation has been carefully studied to find the effective quantities of each ingredient while avoiding toxicity or undesirable effects. This formulation helps reduce symptoms and helps the body limit the proliferation of cancer. Produced in Canada in accordance with current Canadian Good Manufacturing Practices.<\/p>\n<p>&nbsp;<\/p>\n","protected":false},"excerpt":{"rendered":"<p>kit de deux produits \u00e0 base d'ingr\u00e9dients 100% naturels aide \u00e0 renforcer le corps des atteitns de cancers \u00e0 diff\u00e9rents stade.<\/p>\n","protected":false},"featured_media":0,"template":"","meta":[],"product_brand":[],"product_cat":[47],"product_tag":[],"class_list":{"0":"post-144","1":"product","2":"type-product","3":"status-publish","5":"product_cat-tablet","6":"product_shipping_class-livraison-standard-en","8":"first","9":"instock","10":"sale","11":"taxable","12":"shipping-taxable","13":"purchasable","14":"product-type-simple"},"yoast_head":"<!-- This site is optimized with the Yoast SEO Premium plugin v26.8 (Yoast SEO v26.9) - https:\/\/yoast.com\/product\/yoast-seo-premium-wordpress\/ -->\n<title>SHIBANICAN 10 ET 13 (180 capsules chaque) - Shiban Pharma<\/title>\n<meta name=\"robots\" content=\"index, follow, max-snippet:-1, max-image-preview:large, max-video-preview:-1\" \/>\n<link rel=\"canonical\" href=\"https:\/\/shibanpharma.com\/en\/produit\/shibanican-10-et-13-180-capsules-chaque\/\" \/>\n<meta property=\"og:locale\" content=\"en_US\" \/>\n<meta property=\"og:type\" content=\"article\" \/>\n<meta property=\"og:title\" content=\"SHIBANICAN 10 ET 13 (180 capsules chaque)\" \/>\n<meta property=\"og:description\" content=\"kit de deux produits \u00e0 base d&#039;ingr\u00e9dients 100% naturels aide \u00e0 renforcer le corps des atteitns de cancers \u00e0 diff\u00e9rents stade.\" \/>\n<meta property=\"og:url\" content=\"https:\/\/shibanpharma.com\/en\/produit\/shibanican-10-et-13-180-capsules-chaque\/\" \/>\n<meta property=\"og:site_name\" content=\"Shiban Pharma\" \/>\n<meta property=\"article:publisher\" content=\"https:\/\/www.facebook.com\/shibanpharma?mibextid=LQQJ4d\" \/>\n<meta property=\"article:modified_time\" content=\"2024-09-10T19:02:58+00:00\" \/>\n<meta property=\"og:image\" content=\"https:\/\/shibanpharma.com\/wp-content\/uploads\/2023\/10\/Shibanican-10-13-Extra-web.jpg\" \/>\n\t<meta property=\"og:image:width\" content=\"1210\" \/>\n\t<meta property=\"og:image:height\" content=\"1210\" \/>\n\t<meta property=\"og:image:type\" content=\"image\/jpeg\" \/>\n<meta name=\"twitter:card\" content=\"summary_large_image\" \/>\n<meta name=\"twitter:site\" content=\"@shibanpharma\" \/>\n<meta name=\"twitter:label1\" content=\"Price\" \/>\n\t<meta name=\"twitter:data1\" content=\"&#036;400.00\" \/>\n\t<meta name=\"twitter:label2\" content=\"Availability\" \/>\n\t<meta name=\"twitter:data2\" content=\"In stock\" \/>\n<script type=\"application\/ld+json\" class=\"yoast-schema-graph\">{\"@context\":\"https:\/\/schema.org\",\"@graph\":[{\"@type\":\"WebPage\",\"@id\":\"https:\/\/shibanpharma.com\/en\/produit\/shibanican-10-et-13-180-capsules-chaque\/\",\"url\":\"https:\/\/shibanpharma.com\/en\/produit\/shibanican-10-et-13-180-capsules-chaque\/\",\"name\":\"SHIBANICAN 10 ET 13 (180 capsules chaque) - Shiban Pharma\",\"isPartOf\":{\"@id\":\"https:\/\/shibanpharma.com\/en\/#website\"},\"datePublished\":\"2023-05-12T16:02:23+00:00\",\"dateModified\":\"2024-09-10T19:02:58+00:00\",\"breadcrumb\":{\"@id\":\"https:\/\/shibanpharma.com\/en\/produit\/shibanican-10-et-13-180-capsules-chaque\/#breadcrumb\"},\"inLanguage\":\"en-US\",\"potentialAction\":[{\"@type\":\"ReadAction\",\"target\":[\"https:\/\/shibanpharma.com\/en\/produit\/shibanican-10-et-13-180-capsules-chaque\/\"]}]},{\"@type\":\"BreadcrumbList\",\"@id\":\"https:\/\/shibanpharma.com\/en\/produit\/shibanican-10-et-13-180-capsules-chaque\/#breadcrumb\",\"itemListElement\":[{\"@type\":\"ListItem\",\"position\":1,\"name\":\"Home\",\"item\":\"https:\/\/shibanpharma.com\/en\/\"},{\"@type\":\"ListItem\",\"position\":2,\"name\":\"Shop\",\"item\":\"https:\/\/shibanpharma.com\/en\/shop\/\"},{\"@type\":\"ListItem\",\"position\":3,\"name\":\"SHIBANICAN 10 ET 13 (180 capsules chaque)\"}]},{\"@type\":\"WebSite\",\"@id\":\"https:\/\/shibanpharma.com\/en\/#website\",\"url\":\"https:\/\/shibanpharma.com\/en\/\",\"name\":\"Shiban Pharma\",\"description\":\"\",\"publisher\":{\"@id\":\"https:\/\/shibanpharma.com\/en\/#organization\"},\"potentialAction\":[{\"@type\":\"SearchAction\",\"target\":{\"@type\":\"EntryPoint\",\"urlTemplate\":\"https:\/\/shibanpharma.com\/en\/?s={search_term_string}\"},\"query-input\":{\"@type\":\"PropertyValueSpecification\",\"valueRequired\":true,\"valueName\":\"search_term_string\"}}],\"inLanguage\":\"en-US\"},{\"@type\":\"Organization\",\"@id\":\"https:\/\/shibanpharma.com\/en\/#organization\",\"name\":\"Shiban Pharma\",\"url\":\"https:\/\/shibanpharma.com\/en\/\",\"logo\":{\"@type\":\"ImageObject\",\"inLanguage\":\"en-US\",\"@id\":\"https:\/\/shibanpharma.com\/en\/#\/schema\/logo\/image\/\",\"url\":\"https:\/\/shibanpharma.com\/wp-content\/uploads\/2024\/04\/Logo-SHIBAN-final-fond-blanc.jpg\",\"contentUrl\":\"https:\/\/shibanpharma.com\/wp-content\/uploads\/2024\/04\/Logo-SHIBAN-final-fond-blanc.jpg\",\"width\":1378,\"height\":1020,\"caption\":\"Shiban Pharma\"},\"image\":{\"@id\":\"https:\/\/shibanpharma.com\/en\/#\/schema\/logo\/image\/\"},\"sameAs\":[\"https:\/\/www.facebook.com\/shibanpharma?mibextid=LQQJ4d\",\"https:\/\/x.com\/shibanpharma\",\"https:\/\/instagram.com\/shibanpharma\",\"https:\/\/youtube.com\/@shibanpharma4473\"]}]}<\/script>\n<meta property=\"product:brand\" content=\"Tablets\" \/>\n<meta property=\"product:price:amount\" content=\"400.00\" \/>\n<meta property=\"product:price:currency\" content=\"CAD\" \/>\n<meta property=\"og:availability\" content=\"instock\" \/>\n<meta property=\"product:availability\" content=\"instock\" \/>\n<meta property=\"product:retailer_item_id\" content=\"013532\" \/>\n<meta property=\"product:condition\" content=\"new\" \/>\n<!-- \/ Yoast SEO Premium plugin. -->","yoast_head_json":{"title":"SHIBANICAN 10 ET 13 (180 capsules chaque) - Shiban Pharma","robots":{"index":"index","follow":"follow","max-snippet":"max-snippet:-1","max-image-preview":"max-image-preview:large","max-video-preview":"max-video-preview:-1"},"canonical":"https:\/\/shibanpharma.com\/en\/produit\/shibanican-10-et-13-180-capsules-chaque\/","og_locale":"en_US","og_type":"article","og_title":"SHIBANICAN 10 ET 13 (180 capsules chaque)","og_description":"kit de deux produits \u00e0 base d'ingr\u00e9dients 100% naturels aide \u00e0 renforcer le corps des atteitns de cancers \u00e0 diff\u00e9rents stade.","og_url":"https:\/\/shibanpharma.com\/en\/produit\/shibanican-10-et-13-180-capsules-chaque\/","og_site_name":"Shiban Pharma","article_publisher":"https:\/\/www.facebook.com\/shibanpharma?mibextid=LQQJ4d","article_modified_time":"2024-09-10T19:02:58+00:00","og_image":[{"width":1210,"height":1210,"url":"https:\/\/shibanpharma.com\/wp-content\/uploads\/2023\/10\/Shibanican-10-13-Extra-web.jpg","type":"image\/jpeg"}],"twitter_card":"summary_large_image","twitter_site":"@shibanpharma","twitter_misc":{"Price":"&#36;400.00","Availability":"In stock"},"schema":{"@context":"https:\/\/schema.org","@graph":[{"@type":"WebPage","@id":"https:\/\/shibanpharma.com\/en\/produit\/shibanican-10-et-13-180-capsules-chaque\/","url":"https:\/\/shibanpharma.com\/en\/produit\/shibanican-10-et-13-180-capsules-chaque\/","name":"SHIBANICAN 10 ET 13 (180 capsules chaque) - Shiban Pharma","isPartOf":{"@id":"https:\/\/shibanpharma.com\/en\/#website"},"datePublished":"2023-05-12T16:02:23+00:00","dateModified":"2024-09-10T19:02:58+00:00","breadcrumb":{"@id":"https:\/\/shibanpharma.com\/en\/produit\/shibanican-10-et-13-180-capsules-chaque\/#breadcrumb"},"inLanguage":"en-US","potentialAction":[{"@type":"ReadAction","target":["https:\/\/shibanpharma.com\/en\/produit\/shibanican-10-et-13-180-capsules-chaque\/"]}]},{"@type":"BreadcrumbList","@id":"https:\/\/shibanpharma.com\/en\/produit\/shibanican-10-et-13-180-capsules-chaque\/#breadcrumb","itemListElement":[{"@type":"ListItem","position":1,"name":"Home","item":"https:\/\/shibanpharma.com\/en\/"},{"@type":"ListItem","position":2,"name":"Shop","item":"https:\/\/shibanpharma.com\/en\/shop\/"},{"@type":"ListItem","position":3,"name":"SHIBANICAN 10 ET 13 (180 capsules chaque)"}]},{"@type":"WebSite","@id":"https:\/\/shibanpharma.com\/en\/#website","url":"https:\/\/shibanpharma.com\/en\/","name":"Shiban Pharma","description":"","publisher":{"@id":"https:\/\/shibanpharma.com\/en\/#organization"},"potentialAction":[{"@type":"SearchAction","target":{"@type":"EntryPoint","urlTemplate":"https:\/\/shibanpharma.com\/en\/?s={search_term_string}"},"query-input":{"@type":"PropertyValueSpecification","valueRequired":true,"valueName":"search_term_string"}}],"inLanguage":"en-US"},{"@type":"Organization","@id":"https:\/\/shibanpharma.com\/en\/#organization","name":"Shiban Pharma","url":"https:\/\/shibanpharma.com\/en\/","logo":{"@type":"ImageObject","inLanguage":"en-US","@id":"https:\/\/shibanpharma.com\/en\/#\/schema\/logo\/image\/","url":"https:\/\/shibanpharma.com\/wp-content\/uploads\/2024\/04\/Logo-SHIBAN-final-fond-blanc.jpg","contentUrl":"https:\/\/shibanpharma.com\/wp-content\/uploads\/2024\/04\/Logo-SHIBAN-final-fond-blanc.jpg","width":1378,"height":1020,"caption":"Shiban Pharma"},"image":{"@id":"https:\/\/shibanpharma.com\/en\/#\/schema\/logo\/image\/"},"sameAs":["https:\/\/www.facebook.com\/shibanpharma?mibextid=LQQJ4d","https:\/\/x.com\/shibanpharma","https:\/\/instagram.com\/shibanpharma","https:\/\/youtube.com\/@shibanpharma4473"]}]},"product_brand":"Tablets","product_price_amount":"400.00","product_price_currency":"CAD","og_availability":"instock","product_availability":"instock","product_retailer_item_id":"013532","product_condition":"new"},"_links":{"self":[{"href":"https:\/\/shibanpharma.com\/en\/wp-json\/wp\/v2\/product\/144","targetHints":{"allow":["GET"]}}],"collection":[{"href":"https:\/\/shibanpharma.com\/en\/wp-json\/wp\/v2\/product"}],"about":[{"href":"https:\/\/shibanpharma.com\/en\/wp-json\/wp\/v2\/types\/product"}],"wp:attachment":[{"href":"https:\/\/shibanpharma.com\/en\/wp-json\/wp\/v2\/media?parent=144"}],"wp:term":[{"taxonomy":"product_brand","embeddable":true,"href":"https:\/\/shibanpharma.com\/en\/wp-json\/wp\/v2\/product_brand?post=144"},{"taxonomy":"product_cat","embeddable":true,"href":"https:\/\/shibanpharma.com\/en\/wp-json\/wp\/v2\/product_cat?post=144"},{"taxonomy":"product_tag","embeddable":true,"href":"https:\/\/shibanpharma.com\/en\/wp-json\/wp\/v2\/product_tag?post=144"}],"curies":[{"name":"wp","href":"https:\/\/api.w.org\/{rel}","templated":true}]}}