{"id":142,"date":"2023-05-12T12:02:22","date_gmt":"2023-05-12T16:02:22","guid":{"rendered":"https:\/\/shibanpharma.dev-exartum.com\/produit\/shibani-creme-200g\/"},"modified":"2025-07-01T00:03:16","modified_gmt":"2025-07-01T04:03:16","slug":"shibani-creme-200g","status":"publish","type":"product","link":"https:\/\/shibanpharma.com\/en\/produit\/shibani-creme-200g\/","title":{"rendered":"SHIBANI CR\u00c8ME 200G"},"content":{"rendered":"<p class=\"p1\">Shibancream est \u00e0 base de produits naturels essentiellemt shibanipowder extrait de fruits d'arbres end\u00e9mique dans la zone m\u00e9dit\u00e9ran\u00e9ene. La cr\u00e8me renferme 10 % de cette poudre pour aller chercher des r\u00e9sultats en profendeur de la peau en \u00e9liminant les toxines et offrant une fermet\u00e9 dermique. Produit au canada selon les normes canadiennes de bonne pratiques de fabrication en vigueur.<\/p>\n","protected":false},"excerpt":{"rendered":"<p class=\"p1\">cr\u00e8me anti rides et raffirmant \u00e0 base de produit naturel non transform\u00e9s<\/p>\n","protected":false},"featured_media":1738,"template":"","meta":[],"product_brand":[],"product_cat":[34],"product_tag":[],"class_list":{"0":"post-142","1":"product","2":"type-product","3":"status-publish","4":"has-post-thumbnail","6":"product_cat-creme-en","7":"product_shipping_class-livraison-standard-en","9":"first","10":"instock","11":"sale","12":"taxable","13":"shipping-taxable","14":"purchasable","15":"product-type-simple"},"yoast_head":"<!-- This site is optimized with the Yoast SEO Premium plugin v26.8 (Yoast SEO v26.9) - https:\/\/yoast.com\/product\/yoast-seo-premium-wordpress\/ -->\n<title>SHIBANI CR\u00c8ME 200G - Shiban Pharma<\/title>\n<meta name=\"robots\" content=\"index, follow, max-snippet:-1, max-image-preview:large, max-video-preview:-1\" \/>\n<link rel=\"canonical\" href=\"https:\/\/shibanpharma.com\/en\/produit\/shibani-creme-200g\/\" \/>\n<meta property=\"og:locale\" content=\"en_US\" \/>\n<meta property=\"og:type\" content=\"article\" \/>\n<meta property=\"og:title\" content=\"SHIBANI CR\u00c8ME 200G\" \/>\n<meta property=\"og:description\" content=\"cr\u00e8me anti rides et raffirmant \u00e0 base de produit naturel non transform\u00e9s\" \/>\n<meta property=\"og:url\" content=\"https:\/\/shibanpharma.com\/en\/produit\/shibani-creme-200g\/\" \/>\n<meta property=\"og:site_name\" content=\"Shiban Pharma\" \/>\n<meta property=\"article:publisher\" content=\"https:\/\/www.facebook.com\/shibanpharma?mibextid=LQQJ4d\" \/>\n<meta property=\"article:modified_time\" content=\"2025-07-01T04:03:16+00:00\" \/>\n<meta property=\"og:image\" content=\"https:\/\/shibanpharma.com\/wp-content\/uploads\/2023\/10\/Shibani-Cream-200g-web.jpg\" \/>\n\t<meta property=\"og:image:width\" content=\"1210\" \/>\n\t<meta property=\"og:image:height\" content=\"1210\" \/>\n\t<meta property=\"og:image:type\" content=\"image\/jpeg\" \/>\n<meta name=\"twitter:card\" content=\"summary_large_image\" \/>\n<meta name=\"twitter:site\" content=\"@shibanpharma\" \/>\n<meta name=\"twitter:label1\" content=\"Price\" \/>\n\t<meta name=\"twitter:data1\" content=\"&#036;115.00\" \/>\n\t<meta name=\"twitter:label2\" content=\"Availability\" \/>\n\t<meta name=\"twitter:data2\" content=\"In stock\" \/>\n<script type=\"application\/ld+json\" class=\"yoast-schema-graph\">{\"@context\":\"https:\/\/schema.org\",\"@graph\":[{\"@type\":\"WebPage\",\"@id\":\"https:\/\/shibanpharma.com\/en\/produit\/shibani-creme-200g\/\",\"url\":\"https:\/\/shibanpharma.com\/en\/produit\/shibani-creme-200g\/\",\"name\":\"SHIBANI CR\u00c8ME 200G - Shiban Pharma\",\"isPartOf\":{\"@id\":\"https:\/\/shibanpharma.com\/en\/#website\"},\"primaryImageOfPage\":{\"@id\":\"https:\/\/shibanpharma.com\/en\/produit\/shibani-creme-200g\/#primaryimage\"},\"image\":{\"@id\":\"https:\/\/shibanpharma.com\/en\/produit\/shibani-creme-200g\/#primaryimage\"},\"thumbnailUrl\":\"https:\/\/shibanpharma.com\/wp-content\/uploads\/2023\/10\/Shibani-Cream-200g-web.jpg\",\"datePublished\":\"2023-05-12T16:02:22+00:00\",\"dateModified\":\"2025-07-01T04:03:16+00:00\",\"breadcrumb\":{\"@id\":\"https:\/\/shibanpharma.com\/en\/produit\/shibani-creme-200g\/#breadcrumb\"},\"inLanguage\":\"en-US\",\"potentialAction\":[{\"@type\":\"ReadAction\",\"target\":[\"https:\/\/shibanpharma.com\/en\/produit\/shibani-creme-200g\/\"]}]},{\"@type\":\"ImageObject\",\"inLanguage\":\"en-US\",\"@id\":\"https:\/\/shibanpharma.com\/en\/produit\/shibani-creme-200g\/#primaryimage\",\"url\":\"https:\/\/shibanpharma.com\/wp-content\/uploads\/2023\/10\/Shibani-Cream-200g-web.jpg\",\"contentUrl\":\"https:\/\/shibanpharma.com\/wp-content\/uploads\/2023\/10\/Shibani-Cream-200g-web.jpg\",\"width\":1210,\"height\":1210},{\"@type\":\"BreadcrumbList\",\"@id\":\"https:\/\/shibanpharma.com\/en\/produit\/shibani-creme-200g\/#breadcrumb\",\"itemListElement\":[{\"@type\":\"ListItem\",\"position\":1,\"name\":\"Home\",\"item\":\"https:\/\/shibanpharma.com\/en\/\"},{\"@type\":\"ListItem\",\"position\":2,\"name\":\"Shop\",\"item\":\"https:\/\/shibanpharma.com\/en\/shop\/\"},{\"@type\":\"ListItem\",\"position\":3,\"name\":\"SHIBANI CR\u00c8ME 200G\"}]},{\"@type\":\"WebSite\",\"@id\":\"https:\/\/shibanpharma.com\/en\/#website\",\"url\":\"https:\/\/shibanpharma.com\/en\/\",\"name\":\"Shiban Pharma\",\"description\":\"\",\"publisher\":{\"@id\":\"https:\/\/shibanpharma.com\/en\/#organization\"},\"potentialAction\":[{\"@type\":\"SearchAction\",\"target\":{\"@type\":\"EntryPoint\",\"urlTemplate\":\"https:\/\/shibanpharma.com\/en\/?s={search_term_string}\"},\"query-input\":{\"@type\":\"PropertyValueSpecification\",\"valueRequired\":true,\"valueName\":\"search_term_string\"}}],\"inLanguage\":\"en-US\"},{\"@type\":\"Organization\",\"@id\":\"https:\/\/shibanpharma.com\/en\/#organization\",\"name\":\"Shiban Pharma\",\"url\":\"https:\/\/shibanpharma.com\/en\/\",\"logo\":{\"@type\":\"ImageObject\",\"inLanguage\":\"en-US\",\"@id\":\"https:\/\/shibanpharma.com\/en\/#\/schema\/logo\/image\/\",\"url\":\"https:\/\/shibanpharma.com\/wp-content\/uploads\/2024\/04\/Logo-SHIBAN-final-fond-blanc.jpg\",\"contentUrl\":\"https:\/\/shibanpharma.com\/wp-content\/uploads\/2024\/04\/Logo-SHIBAN-final-fond-blanc.jpg\",\"width\":1378,\"height\":1020,\"caption\":\"Shiban Pharma\"},\"image\":{\"@id\":\"https:\/\/shibanpharma.com\/en\/#\/schema\/logo\/image\/\"},\"sameAs\":[\"https:\/\/www.facebook.com\/shibanpharma?mibextid=LQQJ4d\",\"https:\/\/x.com\/shibanpharma\",\"https:\/\/instagram.com\/shibanpharma\",\"https:\/\/youtube.com\/@shibanpharma4473\"]}]}<\/script>\n<meta property=\"product:brand\" content=\"Cream\" \/>\n<meta property=\"product:price:amount\" content=\"115.00\" \/>\n<meta property=\"product:price:currency\" content=\"CAD\" \/>\n<meta property=\"og:availability\" content=\"instock\" \/>\n<meta property=\"product:availability\" content=\"instock\" \/>\n<meta property=\"product:retailer_item_id\" content=\"013471-200\" \/>\n<meta property=\"product:condition\" content=\"new\" \/>\n<!-- \/ Yoast SEO Premium plugin. -->","yoast_head_json":{"title":"SHIBANI CR\u00c8ME 200G - Shiban Pharma","robots":{"index":"index","follow":"follow","max-snippet":"max-snippet:-1","max-image-preview":"max-image-preview:large","max-video-preview":"max-video-preview:-1"},"canonical":"https:\/\/shibanpharma.com\/en\/produit\/shibani-creme-200g\/","og_locale":"en_US","og_type":"article","og_title":"SHIBANI CR\u00c8ME 200G","og_description":"cr\u00e8me anti rides et raffirmant \u00e0 base de produit naturel non transform\u00e9s","og_url":"https:\/\/shibanpharma.com\/en\/produit\/shibani-creme-200g\/","og_site_name":"Shiban Pharma","article_publisher":"https:\/\/www.facebook.com\/shibanpharma?mibextid=LQQJ4d","article_modified_time":"2025-07-01T04:03:16+00:00","og_image":[{"width":1210,"height":1210,"url":"https:\/\/shibanpharma.com\/wp-content\/uploads\/2023\/10\/Shibani-Cream-200g-web.jpg","type":"image\/jpeg"}],"twitter_card":"summary_large_image","twitter_site":"@shibanpharma","twitter_misc":{"Price":"&#36;115.00","Availability":"In stock"},"schema":{"@context":"https:\/\/schema.org","@graph":[{"@type":"WebPage","@id":"https:\/\/shibanpharma.com\/en\/produit\/shibani-creme-200g\/","url":"https:\/\/shibanpharma.com\/en\/produit\/shibani-creme-200g\/","name":"SHIBANI CR\u00c8ME 200G - Shiban Pharma","isPartOf":{"@id":"https:\/\/shibanpharma.com\/en\/#website"},"primaryImageOfPage":{"@id":"https:\/\/shibanpharma.com\/en\/produit\/shibani-creme-200g\/#primaryimage"},"image":{"@id":"https:\/\/shibanpharma.com\/en\/produit\/shibani-creme-200g\/#primaryimage"},"thumbnailUrl":"https:\/\/shibanpharma.com\/wp-content\/uploads\/2023\/10\/Shibani-Cream-200g-web.jpg","datePublished":"2023-05-12T16:02:22+00:00","dateModified":"2025-07-01T04:03:16+00:00","breadcrumb":{"@id":"https:\/\/shibanpharma.com\/en\/produit\/shibani-creme-200g\/#breadcrumb"},"inLanguage":"en-US","potentialAction":[{"@type":"ReadAction","target":["https:\/\/shibanpharma.com\/en\/produit\/shibani-creme-200g\/"]}]},{"@type":"ImageObject","inLanguage":"en-US","@id":"https:\/\/shibanpharma.com\/en\/produit\/shibani-creme-200g\/#primaryimage","url":"https:\/\/shibanpharma.com\/wp-content\/uploads\/2023\/10\/Shibani-Cream-200g-web.jpg","contentUrl":"https:\/\/shibanpharma.com\/wp-content\/uploads\/2023\/10\/Shibani-Cream-200g-web.jpg","width":1210,"height":1210},{"@type":"BreadcrumbList","@id":"https:\/\/shibanpharma.com\/en\/produit\/shibani-creme-200g\/#breadcrumb","itemListElement":[{"@type":"ListItem","position":1,"name":"Home","item":"https:\/\/shibanpharma.com\/en\/"},{"@type":"ListItem","position":2,"name":"Shop","item":"https:\/\/shibanpharma.com\/en\/shop\/"},{"@type":"ListItem","position":3,"name":"SHIBANI CR\u00c8ME 200G"}]},{"@type":"WebSite","@id":"https:\/\/shibanpharma.com\/en\/#website","url":"https:\/\/shibanpharma.com\/en\/","name":"Shiban Pharma","description":"","publisher":{"@id":"https:\/\/shibanpharma.com\/en\/#organization"},"potentialAction":[{"@type":"SearchAction","target":{"@type":"EntryPoint","urlTemplate":"https:\/\/shibanpharma.com\/en\/?s={search_term_string}"},"query-input":{"@type":"PropertyValueSpecification","valueRequired":true,"valueName":"search_term_string"}}],"inLanguage":"en-US"},{"@type":"Organization","@id":"https:\/\/shibanpharma.com\/en\/#organization","name":"Shiban Pharma","url":"https:\/\/shibanpharma.com\/en\/","logo":{"@type":"ImageObject","inLanguage":"en-US","@id":"https:\/\/shibanpharma.com\/en\/#\/schema\/logo\/image\/","url":"https:\/\/shibanpharma.com\/wp-content\/uploads\/2024\/04\/Logo-SHIBAN-final-fond-blanc.jpg","contentUrl":"https:\/\/shibanpharma.com\/wp-content\/uploads\/2024\/04\/Logo-SHIBAN-final-fond-blanc.jpg","width":1378,"height":1020,"caption":"Shiban Pharma"},"image":{"@id":"https:\/\/shibanpharma.com\/en\/#\/schema\/logo\/image\/"},"sameAs":["https:\/\/www.facebook.com\/shibanpharma?mibextid=LQQJ4d","https:\/\/x.com\/shibanpharma","https:\/\/instagram.com\/shibanpharma","https:\/\/youtube.com\/@shibanpharma4473"]}]},"product_brand":"Cream","product_price_amount":"115.00","product_price_currency":"CAD","og_availability":"instock","product_availability":"instock","product_retailer_item_id":"013471-200","product_condition":"new"},"_links":{"self":[{"href":"https:\/\/shibanpharma.com\/en\/wp-json\/wp\/v2\/product\/142","targetHints":{"allow":["GET"]}}],"collection":[{"href":"https:\/\/shibanpharma.com\/en\/wp-json\/wp\/v2\/product"}],"about":[{"href":"https:\/\/shibanpharma.com\/en\/wp-json\/wp\/v2\/types\/product"}],"wp:featuredmedia":[{"embeddable":true,"href":"https:\/\/shibanpharma.com\/en\/wp-json\/wp\/v2\/media\/1738"}],"wp:attachment":[{"href":"https:\/\/shibanpharma.com\/en\/wp-json\/wp\/v2\/media?parent=142"}],"wp:term":[{"taxonomy":"product_brand","embeddable":true,"href":"https:\/\/shibanpharma.com\/en\/wp-json\/wp\/v2\/product_brand?post=142"},{"taxonomy":"product_cat","embeddable":true,"href":"https:\/\/shibanpharma.com\/en\/wp-json\/wp\/v2\/product_cat?post=142"},{"taxonomy":"product_tag","embeddable":true,"href":"https:\/\/shibanpharma.com\/en\/wp-json\/wp\/v2\/product_tag?post=142"}],"curies":[{"name":"wp","href":"https:\/\/api.w.org\/{rel}","templated":true}]}}